{"id":70,"date":"2023-05-24T12:25:02","date_gmt":"2023-05-24T16:25:02","guid":{"rendered":"https:\/\/demo.atelier3f.ca\/?page_id=70"},"modified":"2023-06-12T08:24:20","modified_gmt":"2023-06-12T12:24:20","slug":"a-propos-de-nous","status":"publish","type":"page","link":"https:\/\/atelier3f.ca\/en\/a-propos-de-nous\/","title":{"rendered":"About us"},"content":{"rendered":"<p>Atelier 3F delivers superior IT solutions using the newest technologies available.<\/p>\n\n\n\n<p>We have expertise in developing and sustaining web applications with AWS, Java, JavaScript, C#, Clojure, React and TypeScript. Our team of software developers is well-versed in deploying Docker, Git, JSX and SQL to build customized solutions that address each client's distinct requirements.<\/p>\n\n\n\n<p>Our enterprise and business architects can provide advice on project management, business analysis, agility and DevOps. We provide a variety of services such as:<\/p>\n\n\n\n<p><ul><li>full-stack development,<\/li><\/ul><\/p>\n\n\n\n<p><ul><li>web development,<\/li><\/ul><\/p>\n\n\n\n<p><ul><li>architecture design,<\/li><\/ul><\/p>\n\n\n\n<p><ul><li>project management and<\/li><\/ul><\/p>\n\n\n\n<p><ul><li>business analysis.<\/li><\/ul><\/p>","protected":false},"excerpt":{"rendered":"<p>Atelier 3F propose des solutions informatiques de qualit\u00e9 sup\u00e9rieure utilisant les technologies les plus r\u00e9centes disponibles. Nous avons l\u2019expertise dans le d\u00e9veloppement et la maintenance d\u2019applications web avec AWS, Java, JavaScript, C#, Clojure, React et TypeScript. Notre \u00e9quipe de d\u00e9veloppeurs de logiciels est bien vers\u00e9e dans le d\u00e9ploiement de Docker, Git, JSX et SQL pour [&hellip;]<\/p>","protected":false},"author":1,"featured_media":0,"parent":0,"menu_order":0,"comment_status":"closed","ping_status":"closed","template":"","meta":{"inline_featured_image":false},"yoast_head":"<!-- This site is optimized with the Yoast SEO plugin v20.8 - https:\/\/yoast.com\/wordpress\/plugins\/seo\/ -->\n<title>\u00c0 propos de nous - Atelier 3F<\/title>\n<meta name=\"robots\" content=\"index, follow, max-snippet:-1, max-image-preview:large, max-video-preview:-1\" \/>\n<link rel=\"canonical\" href=\"https:\/\/atelier3f.ca\/en\/a-propos-de-nous\/\" \/>\n<meta property=\"og:locale\" content=\"en_US\" \/>\n<meta property=\"og:type\" content=\"article\" \/>\n<meta property=\"og:title\" content=\"\u00c0 propos de nous - Atelier 3F\" \/>\n<meta property=\"og:description\" content=\"Atelier 3F propose des solutions informatiques de qualit\u00e9 sup\u00e9rieure utilisant les technologies les plus r\u00e9centes disponibles. Nous avons l\u2019expertise dans le d\u00e9veloppement et la maintenance d\u2019applications web avec AWS, Java, JavaScript, C#, Clojure, React et TypeScript. Notre \u00e9quipe de d\u00e9veloppeurs de logiciels est bien vers\u00e9e dans le d\u00e9ploiement de Docker, Git, JSX et SQL pour [&hellip;]\" \/>\n<meta property=\"og:url\" content=\"https:\/\/atelier3f.ca\/en\/a-propos-de-nous\/\" \/>\n<meta property=\"og:site_name\" content=\"Atelier 3F\" \/>\n<meta property=\"article:modified_time\" content=\"2023-06-12T12:24:20+00:00\" \/>\n<meta name=\"twitter:card\" content=\"summary_large_image\" \/>\n<meta name=\"twitter:label1\" content=\"Est. reading time\" \/>\n\t<meta name=\"twitter:data1\" content=\"1 minute\" \/>\n<script type=\"application\/ld+json\" class=\"yoast-schema-graph\">{\"@context\":\"https:\/\/schema.org\",\"@graph\":[{\"@type\":\"WebPage\",\"@id\":\"https:\/\/atelier3f.ca\/a-propos-de-nous\/\",\"url\":\"https:\/\/atelier3f.ca\/a-propos-de-nous\/\",\"name\":\"\u00c0 propos de nous - Atelier 3F\",\"isPartOf\":{\"@id\":\"https:\/\/atelier3f.ca\/#website\"},\"datePublished\":\"2023-05-24T16:25:02+00:00\",\"dateModified\":\"2023-06-12T12:24:20+00:00\",\"breadcrumb\":{\"@id\":\"https:\/\/atelier3f.ca\/a-propos-de-nous\/#breadcrumb\"},\"inLanguage\":\"en-CA\",\"potentialAction\":[{\"@type\":\"ReadAction\",\"target\":[\"https:\/\/atelier3f.ca\/a-propos-de-nous\/\"]}]},{\"@type\":\"BreadcrumbList\",\"@id\":\"https:\/\/atelier3f.ca\/a-propos-de-nous\/#breadcrumb\",\"itemListElement\":[{\"@type\":\"ListItem\",\"position\":1,\"name\":\"Home\",\"item\":\"https:\/\/atelier3f.ca\/\"},{\"@type\":\"ListItem\",\"position\":2,\"name\":\"\u00c0 propos de nous\"}]},{\"@type\":\"WebSite\",\"@id\":\"https:\/\/atelier3f.ca\/#website\",\"url\":\"https:\/\/atelier3f.ca\/\",\"name\":\"Atelier 3F\",\"description\":\"Nous concevons d&#039;excellentes solutions web\",\"publisher\":{\"@id\":\"https:\/\/atelier3f.ca\/#organization\"},\"potentialAction\":[{\"@type\":\"SearchAction\",\"target\":{\"@type\":\"EntryPoint\",\"urlTemplate\":\"https:\/\/atelier3f.ca\/?s={search_term_string}\"},\"query-input\":\"required name=search_term_string\"}],\"inLanguage\":\"en-CA\"},{\"@type\":\"Organization\",\"@id\":\"https:\/\/atelier3f.ca\/#organization\",\"name\":\"Atelier 3F\",\"url\":\"https:\/\/atelier3f.ca\/\",\"logo\":{\"@type\":\"ImageObject\",\"inLanguage\":\"en-CA\",\"@id\":\"https:\/\/atelier3f.ca\/#\/schema\/logo\/image\/\",\"url\":\"https:\/\/atelier3f.ca\/wp-content\/uploads\/2023\/05\/logo.svg\",\"contentUrl\":\"https:\/\/atelier3f.ca\/wp-content\/uploads\/2023\/05\/logo.svg\",\"caption\":\"Atelier 3F\"},\"image\":{\"@id\":\"https:\/\/atelier3f.ca\/#\/schema\/logo\/image\/\"}}]}<\/script>\n<!-- \/ Yoast SEO plugin. -->","yoast_head_json":{"title":"\u00c0 propos de nous - Atelier 3F","robots":{"index":"index","follow":"follow","max-snippet":"max-snippet:-1","max-image-preview":"max-image-preview:large","max-video-preview":"max-video-preview:-1"},"canonical":"https:\/\/atelier3f.ca\/en\/a-propos-de-nous\/","og_locale":"en_US","og_type":"article","og_title":"\u00c0 propos de nous - Atelier 3F","og_description":"Atelier 3F propose des solutions informatiques de qualit\u00e9 sup\u00e9rieure utilisant les technologies les plus r\u00e9centes disponibles. Nous avons l\u2019expertise dans le d\u00e9veloppement et la maintenance d\u2019applications web avec AWS, Java, JavaScript, C#, Clojure, React et TypeScript. Notre \u00e9quipe de d\u00e9veloppeurs de logiciels est bien vers\u00e9e dans le d\u00e9ploiement de Docker, Git, JSX et SQL pour [&hellip;]","og_url":"https:\/\/atelier3f.ca\/en\/a-propos-de-nous\/","og_site_name":"Atelier 3F","article_modified_time":"2023-06-12T12:24:20+00:00","twitter_card":"summary_large_image","twitter_misc":{"Est. reading time":"1 minute"},"schema":{"@context":"https:\/\/schema.org","@graph":[{"@type":"WebPage","@id":"https:\/\/atelier3f.ca\/a-propos-de-nous\/","url":"https:\/\/atelier3f.ca\/a-propos-de-nous\/","name":"\u00c0 propos de nous - Atelier 3F","isPartOf":{"@id":"https:\/\/atelier3f.ca\/#website"},"datePublished":"2023-05-24T16:25:02+00:00","dateModified":"2023-06-12T12:24:20+00:00","breadcrumb":{"@id":"https:\/\/atelier3f.ca\/a-propos-de-nous\/#breadcrumb"},"inLanguage":"en-CA","potentialAction":[{"@type":"ReadAction","target":["https:\/\/atelier3f.ca\/a-propos-de-nous\/"]}]},{"@type":"BreadcrumbList","@id":"https:\/\/atelier3f.ca\/a-propos-de-nous\/#breadcrumb","itemListElement":[{"@type":"ListItem","position":1,"name":"Home","item":"https:\/\/atelier3f.ca\/"},{"@type":"ListItem","position":2,"name":"\u00c0 propos de nous"}]},{"@type":"WebSite","@id":"https:\/\/atelier3f.ca\/#website","url":"https:\/\/atelier3f.ca\/","name":"Atelier 3F","description":"Nous concevons d&#039;excellentes solutions web","publisher":{"@id":"https:\/\/atelier3f.ca\/#organization"},"potentialAction":[{"@type":"SearchAction","target":{"@type":"EntryPoint","urlTemplate":"https:\/\/atelier3f.ca\/?s={search_term_string}"},"query-input":"required name=search_term_string"}],"inLanguage":"en-CA"},{"@type":"Organization","@id":"https:\/\/atelier3f.ca\/#organization","name":"Atelier 3F","url":"https:\/\/atelier3f.ca\/","logo":{"@type":"ImageObject","inLanguage":"en-CA","@id":"https:\/\/atelier3f.ca\/#\/schema\/logo\/image\/","url":"https:\/\/atelier3f.ca\/wp-content\/uploads\/2023\/05\/logo.svg","contentUrl":"https:\/\/atelier3f.ca\/wp-content\/uploads\/2023\/05\/logo.svg","caption":"Atelier 3F"},"image":{"@id":"https:\/\/atelier3f.ca\/#\/schema\/logo\/image\/"}}]}},"_links":{"self":[{"href":"https:\/\/atelier3f.ca\/en\/wp-json\/wp\/v2\/pages\/70"}],"collection":[{"href":"https:\/\/atelier3f.ca\/en\/wp-json\/wp\/v2\/pages"}],"about":[{"href":"https:\/\/atelier3f.ca\/en\/wp-json\/wp\/v2\/types\/page"}],"author":[{"embeddable":true,"href":"https:\/\/atelier3f.ca\/en\/wp-json\/wp\/v2\/users\/1"}],"replies":[{"embeddable":true,"href":"https:\/\/atelier3f.ca\/en\/wp-json\/wp\/v2\/comments?post=70"}],"version-history":[{"count":23,"href":"https:\/\/atelier3f.ca\/en\/wp-json\/wp\/v2\/pages\/70\/revisions"}],"predecessor-version":[{"id":719,"href":"https:\/\/atelier3f.ca\/en\/wp-json\/wp\/v2\/pages\/70\/revisions\/719"}],"wp:attachment":[{"href":"https:\/\/atelier3f.ca\/en\/wp-json\/wp\/v2\/media?parent=70"}],"curies":[{"name":"wp","href":"https:\/\/api.w.org\/{rel}","templated":true}]}}