{"id":528,"date":"2023-06-06T09:00:04","date_gmt":"2023-06-06T13:00:04","guid":{"rendered":"https:\/\/atelier3f.ca\/?page_id=528"},"modified":"2024-02-11T12:24:52","modified_gmt":"2024-02-11T17:24:52","slug":"notre-equipe","status":"publish","type":"page","link":"https:\/\/atelier3f.ca\/en\/notre-equipe\/","title":{"rendered":"Our team"},"content":{"rendered":"<div class=\"wp-block-query is-layout-flow\"><\/div>\n\n\n\n<div class=\"wp-block-columns is-layout-flex wp-container-4\">\n<div class=\"wp-block-column is-layout-flow\">\n<figure class=\"wp-block-image aligncenter size-full is-resized\"><img decoding=\"async\" loading=\"lazy\" src=\"https:\/\/atelier3f.ca\/wp-content\/uploads\/2023\/06\/image.png\" alt=\"\" class=\"wp-image-539\" width=\"191\" height=\"196\" srcset=\"https:\/\/atelier3f.ca\/wp-content\/uploads\/2023\/06\/image.png 191w, https:\/\/atelier3f.ca\/wp-content\/uploads\/2023\/06\/image-12x12.png 12w\" sizes=\"(max-width: 191px) 100vw, 191px\" \/><\/figure>\n\n\n\n<h4 class=\"wp-block-heading has-text-align-center has-medium-font-size\" style=\"font-style:normal;font-weight:500\">Louis-Charles Gauthier<\/h4>\n\n\n\n<p class=\"has-text-align-center has-small-font-size\"><em><strong>Project Manager\/ Business Analyst<\/strong><\/em><br>Strategic consulting, lecturer, business analyst, project management, modeling, training, performance evaluation<\/p>\n<\/div>\n\n\n\n<div class=\"wp-block-column is-layout-flow\">\n<figure class=\"wp-block-image aligncenter size-full is-resized\"><img decoding=\"async\" loading=\"lazy\" src=\"https:\/\/atelier3f.ca\/wp-content\/uploads\/2023\/06\/image-4.png\" alt=\"\" class=\"wp-image-543\" width=\"155\" height=\"195\" srcset=\"https:\/\/atelier3f.ca\/wp-content\/uploads\/2023\/06\/image-4.png 160w, https:\/\/atelier3f.ca\/wp-content\/uploads\/2023\/06\/image-4-10x12.png 10w\" sizes=\"(max-width: 155px) 100vw, 155px\" \/><\/figure>\n\n\n\n<h4 class=\"wp-block-heading has-text-align-center has-medium-font-size\" style=\"font-style:normal;font-weight:500\">Jean Vaillancourt<\/h4>\n\n\n\n<p class=\"has-text-align-center has-small-font-size\"><strong><em>Solution architecture<\/em><\/strong><br>System architecture, object-oriented modeling, data and process modeling, object-oriented modeling and relational DB, PHP\/ UML\/ SQL<\/p>\n<\/div>\n<\/div>\n\n\n\n<div class=\"wp-block-columns is-layout-flex wp-container-7\">\n<div class=\"wp-block-column is-layout-flow\">\n<figure class=\"wp-block-image aligncenter size-full is-resized\"><img decoding=\"async\" loading=\"lazy\" src=\"https:\/\/atelier3f.ca\/wp-content\/uploads\/2023\/06\/image-5.png\" alt=\"\" class=\"wp-image-544\" width=\"140\" height=\"184\"\/><\/figure>\n\n\n\n<h4 class=\"wp-block-heading has-text-align-center has-medium-font-size\" style=\"font-style:normal;font-weight:500\">Pascale-Andr\u00e9e Audet<\/h4>\n\n\n\n<p class=\"has-text-align-center has-small-font-size\"><strong><em>Full Stack Developer<\/em><\/strong><br>DevOps, chef tribal, architecture, JSX, C#, JavaScript, CSS, HTML, Git, Java, SASS, PHP, SQL<\/p>\n<\/div>\n\n\n\n<div class=\"wp-block-column is-layout-flow\">\n<figure class=\"wp-block-image aligncenter size-full is-resized\"><img decoding=\"async\" loading=\"lazy\" src=\"https:\/\/atelier3f.ca\/wp-content\/uploads\/2023\/06\/image-6.png\" alt=\"\" class=\"wp-image-545\" width=\"156\" height=\"185\" srcset=\"https:\/\/atelier3f.ca\/wp-content\/uploads\/2023\/06\/image-6.png 159w, https:\/\/atelier3f.ca\/wp-content\/uploads\/2023\/06\/image-6-10x12.png 10w\" sizes=\"(max-width: 156px) 100vw, 156px\" \/><\/figure>\n\n\n\n<h4 class=\"wp-block-heading has-text-align-center has-medium-font-size\" style=\"font-style:normal;font-weight:500\">Michael Innoncent<\/h4>\n\n\n\n<p class=\"has-text-align-center has-small-font-size\"><strong><em>Project Manager<\/em><\/strong><br>Business analyst, communication, customer support, process analyst, modeling, quality assurance<\/p>\n<\/div>\n<\/div>\n\n\n\n<div class=\"wp-block-columns is-layout-flex wp-container-10\">\n<div class=\"wp-block-column is-layout-flow\">\n<figure class=\"wp-block-image aligncenter size-full is-resized\"><img decoding=\"async\" loading=\"lazy\" src=\"https:\/\/atelier3f.ca\/wp-content\/uploads\/2023\/06\/image-9.png\" alt=\"\" class=\"wp-image-548\" width=\"154\" height=\"189\" srcset=\"https:\/\/atelier3f.ca\/wp-content\/uploads\/2023\/06\/image-9.png 159w, https:\/\/atelier3f.ca\/wp-content\/uploads\/2023\/06\/image-9-10x12.png 10w\" sizes=\"(max-width: 154px) 100vw, 154px\" \/><\/figure>\n\n\n\n<h4 class=\"wp-block-heading has-text-align-center has-medium-font-size\" style=\"font-style:normal;font-weight:500\">Gwenael Guyot<\/h4>\n\n\n\n<p class=\"has-text-align-center has-small-font-size\"><strong><em>Full Stack Developper<\/em><\/strong><br>Graphics, Illustrator\/Photoshop, Three.js, Cloud Server (AWS EC2) and Local (via Tailscale), Linux, Node.js\/Bun.js, Docker, CSS, Vue.js, React, Svelte<\/p>\n<\/div>\n\n\n\n<div class=\"wp-block-column is-layout-flow\">\n<figure class=\"wp-block-image aligncenter size-full\"><img decoding=\"async\" loading=\"lazy\" width=\"142\" height=\"188\" src=\"https:\/\/atelier3f.ca\/wp-content\/uploads\/2023\/06\/image-10.png\" alt=\"\" class=\"wp-image-549\" srcset=\"https:\/\/atelier3f.ca\/wp-content\/uploads\/2023\/06\/image-10.png 142w, https:\/\/atelier3f.ca\/wp-content\/uploads\/2023\/06\/image-10-9x12.png 9w\" sizes=\"(max-width: 142px) 100vw, 142px\" \/><\/figure>\n\n\n\n<h4 class=\"wp-block-heading has-text-align-center has-medium-font-size\" style=\"font-style:normal;font-weight:500\">Aur\u00e9lie Gauthier<\/h4>\n\n\n\n<p class=\"has-text-align-center has-small-font-size\"><strong><em>Junior Programmer<\/em><\/strong><br>JavaScript, CSS, HTML, React, C#, PHP, SQL, PL\/SQL, Java<\/p>\n<\/div>\n<\/div>\n\n\n\n<p><\/p>","protected":false},"excerpt":{"rendered":"<p>Louis-Charles Gauthier Charg\u00e9 de projet \/ Analyste d&rsquo;affairesConseil Strat\u00e9gique, conf\u00e9rencier, analyste d&rsquo;affaires, gestion de projet, mod\u00e9lisation, formation, \u00e9valuation de la performance Jean Vaillancourt Architecture de solutionArchitecture de syst\u00e8me, mod\u00e9lisation orient\u00e9 objet, mod\u00e9lisation de donn\u00e9es et de processus, mod\u00e9lisation orient\u00e9 objet et BD relationnelle, PHP \/ UML \/ SQL Pascale-Andr\u00e9e Audet D\u00e9veloppeuse Full StackDevOps, chef tribal, [&hellip;]<\/p>","protected":false},"author":1,"featured_media":0,"parent":0,"menu_order":0,"comment_status":"closed","ping_status":"closed","template":"","meta":{"inline_featured_image":false},"yoast_head":"<!-- This site is optimized with the Yoast SEO plugin v20.8 - https:\/\/yoast.com\/wordpress\/plugins\/seo\/ -->\n<title>Notre \u00e9quipe - Atelier 3F<\/title>\n<meta name=\"robots\" content=\"index, follow, max-snippet:-1, max-image-preview:large, max-video-preview:-1\" \/>\n<link rel=\"canonical\" href=\"https:\/\/atelier3f.ca\/en\/notre-equipe\/\" \/>\n<meta property=\"og:locale\" content=\"en_US\" \/>\n<meta property=\"og:type\" content=\"article\" \/>\n<meta property=\"og:title\" content=\"Notre \u00e9quipe - Atelier 3F\" \/>\n<meta property=\"og:description\" content=\"Louis-Charles Gauthier Charg\u00e9 de projet \/ Analyste d&rsquo;affairesConseil Strat\u00e9gique, conf\u00e9rencier, analyste d&rsquo;affaires, gestion de projet, mod\u00e9lisation, formation, \u00e9valuation de la performance Jean Vaillancourt Architecture de solutionArchitecture de syst\u00e8me, mod\u00e9lisation orient\u00e9 objet, mod\u00e9lisation de donn\u00e9es et de processus, mod\u00e9lisation orient\u00e9 objet et BD relationnelle, PHP \/ UML \/ SQL Pascale-Andr\u00e9e Audet D\u00e9veloppeuse Full StackDevOps, chef tribal, [&hellip;]\" \/>\n<meta property=\"og:url\" content=\"https:\/\/atelier3f.ca\/en\/notre-equipe\/\" \/>\n<meta property=\"og:site_name\" content=\"Atelier 3F\" \/>\n<meta property=\"article:modified_time\" content=\"2024-02-11T17:24:52+00:00\" \/>\n<meta property=\"og:image\" content=\"https:\/\/atelier3f.ca\/wp-content\/uploads\/2023\/06\/image.png\" \/>\n<meta name=\"twitter:card\" content=\"summary_large_image\" \/>\n<meta name=\"twitter:label1\" content=\"Est. reading time\" \/>\n\t<meta name=\"twitter:data1\" content=\"2 minutes\" \/>\n<script type=\"application\/ld+json\" class=\"yoast-schema-graph\">{\"@context\":\"https:\/\/schema.org\",\"@graph\":[{\"@type\":\"WebPage\",\"@id\":\"https:\/\/atelier3f.ca\/notre-equipe\/\",\"url\":\"https:\/\/atelier3f.ca\/notre-equipe\/\",\"name\":\"Notre \u00e9quipe - Atelier 3F\",\"isPartOf\":{\"@id\":\"https:\/\/atelier3f.ca\/#website\"},\"datePublished\":\"2023-06-06T13:00:04+00:00\",\"dateModified\":\"2024-02-11T17:24:52+00:00\",\"breadcrumb\":{\"@id\":\"https:\/\/atelier3f.ca\/notre-equipe\/#breadcrumb\"},\"inLanguage\":\"en-CA\",\"potentialAction\":[{\"@type\":\"ReadAction\",\"target\":[\"https:\/\/atelier3f.ca\/notre-equipe\/\"]}]},{\"@type\":\"BreadcrumbList\",\"@id\":\"https:\/\/atelier3f.ca\/notre-equipe\/#breadcrumb\",\"itemListElement\":[{\"@type\":\"ListItem\",\"position\":1,\"name\":\"Home\",\"item\":\"https:\/\/atelier3f.ca\/\"},{\"@type\":\"ListItem\",\"position\":2,\"name\":\"Notre \u00e9quipe\"}]},{\"@type\":\"WebSite\",\"@id\":\"https:\/\/atelier3f.ca\/#website\",\"url\":\"https:\/\/atelier3f.ca\/\",\"name\":\"Atelier 3F\",\"description\":\"Nous concevons d&#039;excellentes solutions web\",\"publisher\":{\"@id\":\"https:\/\/atelier3f.ca\/#organization\"},\"potentialAction\":[{\"@type\":\"SearchAction\",\"target\":{\"@type\":\"EntryPoint\",\"urlTemplate\":\"https:\/\/atelier3f.ca\/?s={search_term_string}\"},\"query-input\":\"required name=search_term_string\"}],\"inLanguage\":\"en-CA\"},{\"@type\":\"Organization\",\"@id\":\"https:\/\/atelier3f.ca\/#organization\",\"name\":\"Atelier 3F\",\"url\":\"https:\/\/atelier3f.ca\/\",\"logo\":{\"@type\":\"ImageObject\",\"inLanguage\":\"en-CA\",\"@id\":\"https:\/\/atelier3f.ca\/#\/schema\/logo\/image\/\",\"url\":\"https:\/\/atelier3f.ca\/wp-content\/uploads\/2023\/05\/logo.svg\",\"contentUrl\":\"https:\/\/atelier3f.ca\/wp-content\/uploads\/2023\/05\/logo.svg\",\"caption\":\"Atelier 3F\"},\"image\":{\"@id\":\"https:\/\/atelier3f.ca\/#\/schema\/logo\/image\/\"}}]}<\/script>\n<!-- \/ Yoast SEO plugin. -->","yoast_head_json":{"title":"Notre \u00e9quipe - Atelier 3F","robots":{"index":"index","follow":"follow","max-snippet":"max-snippet:-1","max-image-preview":"max-image-preview:large","max-video-preview":"max-video-preview:-1"},"canonical":"https:\/\/atelier3f.ca\/en\/notre-equipe\/","og_locale":"en_US","og_type":"article","og_title":"Notre \u00e9quipe - Atelier 3F","og_description":"Louis-Charles Gauthier Charg\u00e9 de projet \/ Analyste d&rsquo;affairesConseil Strat\u00e9gique, conf\u00e9rencier, analyste d&rsquo;affaires, gestion de projet, mod\u00e9lisation, formation, \u00e9valuation de la performance Jean Vaillancourt Architecture de solutionArchitecture de syst\u00e8me, mod\u00e9lisation orient\u00e9 objet, mod\u00e9lisation de donn\u00e9es et de processus, mod\u00e9lisation orient\u00e9 objet et BD relationnelle, PHP \/ UML \/ SQL Pascale-Andr\u00e9e Audet D\u00e9veloppeuse Full StackDevOps, chef tribal, [&hellip;]","og_url":"https:\/\/atelier3f.ca\/en\/notre-equipe\/","og_site_name":"Atelier 3F","article_modified_time":"2024-02-11T17:24:52+00:00","og_image":[{"url":"https:\/\/atelier3f.ca\/wp-content\/uploads\/2023\/06\/image.png"}],"twitter_card":"summary_large_image","twitter_misc":{"Est. reading time":"2 minutes"},"schema":{"@context":"https:\/\/schema.org","@graph":[{"@type":"WebPage","@id":"https:\/\/atelier3f.ca\/notre-equipe\/","url":"https:\/\/atelier3f.ca\/notre-equipe\/","name":"Notre \u00e9quipe - Atelier 3F","isPartOf":{"@id":"https:\/\/atelier3f.ca\/#website"},"datePublished":"2023-06-06T13:00:04+00:00","dateModified":"2024-02-11T17:24:52+00:00","breadcrumb":{"@id":"https:\/\/atelier3f.ca\/notre-equipe\/#breadcrumb"},"inLanguage":"en-CA","potentialAction":[{"@type":"ReadAction","target":["https:\/\/atelier3f.ca\/notre-equipe\/"]}]},{"@type":"BreadcrumbList","@id":"https:\/\/atelier3f.ca\/notre-equipe\/#breadcrumb","itemListElement":[{"@type":"ListItem","position":1,"name":"Home","item":"https:\/\/atelier3f.ca\/"},{"@type":"ListItem","position":2,"name":"Notre \u00e9quipe"}]},{"@type":"WebSite","@id":"https:\/\/atelier3f.ca\/#website","url":"https:\/\/atelier3f.ca\/","name":"Atelier 3F","description":"Nous concevons d&#039;excellentes solutions web","publisher":{"@id":"https:\/\/atelier3f.ca\/#organization"},"potentialAction":[{"@type":"SearchAction","target":{"@type":"EntryPoint","urlTemplate":"https:\/\/atelier3f.ca\/?s={search_term_string}"},"query-input":"required name=search_term_string"}],"inLanguage":"en-CA"},{"@type":"Organization","@id":"https:\/\/atelier3f.ca\/#organization","name":"Atelier 3F","url":"https:\/\/atelier3f.ca\/","logo":{"@type":"ImageObject","inLanguage":"en-CA","@id":"https:\/\/atelier3f.ca\/#\/schema\/logo\/image\/","url":"https:\/\/atelier3f.ca\/wp-content\/uploads\/2023\/05\/logo.svg","contentUrl":"https:\/\/atelier3f.ca\/wp-content\/uploads\/2023\/05\/logo.svg","caption":"Atelier 3F"},"image":{"@id":"https:\/\/atelier3f.ca\/#\/schema\/logo\/image\/"}}]}},"_links":{"self":[{"href":"https:\/\/atelier3f.ca\/en\/wp-json\/wp\/v2\/pages\/528"}],"collection":[{"href":"https:\/\/atelier3f.ca\/en\/wp-json\/wp\/v2\/pages"}],"about":[{"href":"https:\/\/atelier3f.ca\/en\/wp-json\/wp\/v2\/types\/page"}],"author":[{"embeddable":true,"href":"https:\/\/atelier3f.ca\/en\/wp-json\/wp\/v2\/users\/1"}],"replies":[{"embeddable":true,"href":"https:\/\/atelier3f.ca\/en\/wp-json\/wp\/v2\/comments?post=528"}],"version-history":[{"count":16,"href":"https:\/\/atelier3f.ca\/en\/wp-json\/wp\/v2\/pages\/528\/revisions"}],"predecessor-version":[{"id":728,"href":"https:\/\/atelier3f.ca\/en\/wp-json\/wp\/v2\/pages\/528\/revisions\/728"}],"wp:attachment":[{"href":"https:\/\/atelier3f.ca\/en\/wp-json\/wp\/v2\/media?parent=528"}],"curies":[{"name":"wp","href":"https:\/\/api.w.org\/{rel}","templated":true}]}}